{"id":14126,"date":"2024-07-10T08:24:31","date_gmt":"2024-07-10T08:24:31","guid":{"rendered":"https:\/\/sv-luftfahrt-berlin.de\/?page_id=14126"},"modified":"2024-10-29T19:59:30","modified_gmt":"2024-10-29T19:59:30","slug":"lagerbestand","status":"publish","type":"page","link":"http:\/\/sv-luftfahrt-berlin.de\/?page_id=14126","title":{"rendered":"Lagerbestand"},"content":{"rendered":"\n\n\n<p>Das was wir im Lager haben, nach dem Motto wer zuerst kommt \ud83d\ude09&nbsp;<\/p>\n<p>Bitte das Geld an Kretzschi geben, ggf. per Mail ihn anschreiben. (Jan.Kretzschmar@sv-luftfahrt-berlin.de). Die Sachen bekommt ihr auch von Ihm.&nbsp;<\/p>\n<p><em>Hinweis:&nbsp;<\/em>Es kann vorkommen das Ware hier noch angezeigt wird, welche bereits von anderen bestellt wurde.&nbsp;<\/p>\n<table class=\"wp-list-table widefat fixed striped table-view-list forms\">\n<tbody id=\"the-list\" data-wp-lists=\"list:form\">\n<tr>\n<td class=\"shortcode column-shortcode\" data-colname=\"Shortcode\"><style id=\"wpforms-css-vars-14113\">\n\t\t\t\t#wpforms-14113 {\n\t\t\t\t--wpforms-container-padding: 0px;\n--wpforms-container-border-width: 1px;\n--wpforms-container-border-radius: 3px;\n--wpforms-background-color: rgba(0, 0, 0, 0);\n--wpforms-field-size-input-height: 43px;\n--wpforms-field-size-input-spacing: 15px;\n--wpforms-field-size-font-size: 16px;\n--wpforms-field-size-line-height: 19px;\n--wpforms-field-size-padding-h: 14px;\n--wpforms-field-size-checkbox-size: 16px;\n--wpforms-field-size-sublabel-spacing: 5px;\n--wpforms-field-size-icon-size: 1;\n--wpforms-label-size-font-size: 16px;\n--wpforms-label-size-line-height: 19px;\n--wpforms-label-size-sublabel-font-size: 14px;\n--wpforms-label-size-sublabel-line-height: 17px;\n--wpforms-button-size-font-size: 17px;\n--wpforms-button-size-height: 41px;\n--wpforms-button-size-padding-h: 15px;\n--wpforms-button-size-margin-top: 10px;\n--wpforms-container-shadow-size-box-shadow: none;\n\t\t\t}\n\t\t\t<\/style><div class=\"wpforms-container wpforms-container-full wpforms-render-modern\" id=\"wpforms-14113\"><form id=\"wpforms-form-14113\" class=\"wpforms-validate wpforms-form wpforms-ajax-form\" data-formid=\"14113\" method=\"post\" enctype=\"multipart\/form-data\" action=\"\/index.php?rest_route=%2Fwp%2Fv2%2Fpages%2F14126\" data-token=\"ccbbf70fe868ca2e4667ab5e0b9b911d\" data-token-time=\"1777544764\"><noscript class=\"wpforms-error-noscript\">Bitte aktiviere JavaScript in deinem Browser, um dieses Formular fertigzustellen.<\/noscript><div id=\"wpforms-error-noscript\" style=\"display: none;\">Bitte aktiviere JavaScript in deinem Browser, um dieses Formular fertigzustellen.<\/div><div class=\"wpforms-field-container\"><div id=\"wpforms-14113-field_1-container\" class=\"wpforms-field wpforms-field-name wpforms-one-fourth wpforms-first\" data-field-id=\"1\"><fieldset><legend class=\"wpforms-field-label\">Name <span class=\"wpforms-required-label\" aria-hidden=\"true\">*<\/span><\/legend><div class=\"wpforms-field-row wpforms-field-medium\"><div class=\"wpforms-field-row-block wpforms-first wpforms-one-half\"><input type=\"text\" id=\"wpforms-14113-field_1\" class=\"wpforms-field-name-first wpforms-field-required\" name=\"wpforms[fields][1][first]\" aria-errormessage=\"wpforms-14113-field_1-error\" required><label for=\"wpforms-14113-field_1\" class=\"wpforms-field-sublabel after\">Vorname<\/label><\/div><div class=\"wpforms-field-row-block wpforms-one-half\"><input type=\"text\" id=\"wpforms-14113-field_1-last\" class=\"wpforms-field-name-last wpforms-field-required\" name=\"wpforms[fields][1][last]\" aria-errormessage=\"wpforms-14113-field_1-last-error\" required><label for=\"wpforms-14113-field_1-last\" class=\"wpforms-field-sublabel after\">Nachname<\/label><\/div><\/div><\/fieldset><\/div><div id=\"wpforms-14113-field_2-container\" class=\"wpforms-field wpforms-field-email\" data-field-id=\"2\"><label class=\"wpforms-field-label\" for=\"wpforms-14113-field_2\">Email <span class=\"wpforms-required-label\" aria-hidden=\"true\">*<\/span><\/label><input type=\"email\" id=\"wpforms-14113-field_2\" class=\"wpforms-field-medium wpforms-field-required\" name=\"wpforms[fields][2]\" spellcheck=\"false\" aria-errormessage=\"wpforms-14113-field_2-error\" required><\/div><div id=\"wpforms-14113-field_46-container\" class=\"wpforms-field wpforms-field-text\" data-field-id=\"46\"><label class=\"wpforms-field-label\" for=\"wpforms-14113-field_46\">Telefon<\/label><input type=\"text\" id=\"wpforms-14113-field_46\" class=\"wpforms-field-medium\" name=\"wpforms[fields][46]\" aria-errormessage=\"wpforms-14113-field_46-error\" ><\/div><div id=\"wpforms-14113-field_43-container\" class=\"wpforms-field wpforms-field-checkbox wpforms-two-thirds wpforms-list-inline\" data-field-id=\"43\"><fieldset><legend class=\"wpforms-field-label\">Lagerbestand <span class=\"wpforms-required-label\" aria-hidden=\"true\">*<\/span><\/legend><ul id=\"wpforms-14113-field_43\" class=\"wpforms-field-required wpforms-image-choices wpforms-image-choices-modern\" data-choice-limit=\"1\"><li class=\"choice-24 depth-1 wpforms-image-choices-item\"><label class=\"wpforms-field-label-inline\" for=\"wpforms-14113-field_43_24\" tabindex=\"0\"><span class=\"wpforms-image-choices-image\"><img decoding=\"async\" src=\"http:\/\/sv-luftfahrt-berlin.de\/wp-content\/uploads\/2025\/12\/Jacke.png\" alt=\"Trainingsjacke mit Kapuze (Gr\u00f6\u00dfe:152) - 40 \u20ac\" title=\"Trainingsjacke mit Kapuze (Gr\u00f6\u00dfe:152) - 40 \u20ac\"><\/span><input type=\"checkbox\" id=\"wpforms-14113-field_43_24\" class=\"wpforms-screen-reader-element\" data-rule-check-limit=\"true\" name=\"wpforms[fields][43][]\" value=\"Trainingsjacke mit Kapuze (Gr\u00f6\u00dfe:152) - 40 \u20ac\" aria-errormessage=\"wpforms-14113-field_43_24-error\" tabindex=\"-1\" required ><span class=\"wpforms-image-choices-label\">Trainingsjacke mit Kapuze (Gr\u00f6\u00dfe:152) - 40 \u20ac<\/span><\/label><\/li><li class=\"choice-27 depth-1 wpforms-image-choices-item\"><label class=\"wpforms-field-label-inline\" for=\"wpforms-14113-field_43_27\" tabindex=\"0\"><span class=\"wpforms-image-choices-image\"><img decoding=\"async\" src=\"http:\/\/sv-luftfahrt-berlin.de\/wp-content\/uploads\/2025\/12\/Poloshirt.jpg\" alt=\"PoloShirt wei\u00df (Gr\u00f6\u00dfe: L)\" title=\"PoloShirt wei\u00df (Gr\u00f6\u00dfe: L)\"><\/span><input type=\"checkbox\" id=\"wpforms-14113-field_43_27\" class=\"wpforms-screen-reader-element\" data-rule-check-limit=\"true\" name=\"wpforms[fields][43][]\" value=\"PoloShirt wei\u00df (Gr\u00f6\u00dfe: L)\" aria-errormessage=\"wpforms-14113-field_43_27-error\" tabindex=\"-1\" required ><span class=\"wpforms-image-choices-label\">PoloShirt wei\u00df (Gr\u00f6\u00dfe: L)<\/span><\/label><\/li><li class=\"choice-26 depth-1 wpforms-image-choices-item\"><label class=\"wpforms-field-label-inline\" for=\"wpforms-14113-field_43_26\" tabindex=\"0\"><span class=\"wpforms-image-choices-image\"><\/span><input type=\"checkbox\" id=\"wpforms-14113-field_43_26\" class=\"wpforms-screen-reader-element\" data-rule-check-limit=\"true\" name=\"wpforms[fields][43][]\" value=\"T Shirt - rot (Gr\u00f6\u00dfe: 152) - 15 \u20ac\" aria-errormessage=\"wpforms-14113-field_43_26-error\" tabindex=\"-1\" required ><span class=\"wpforms-image-choices-label\">T Shirt - rot (Gr\u00f6\u00dfe: 152) - 15 \u20ac<\/span><\/label><\/li><li class=\"choice-25 depth-1 wpforms-image-choices-item\"><label class=\"wpforms-field-label-inline\" for=\"wpforms-14113-field_43_25\" tabindex=\"0\"><span class=\"wpforms-image-choices-image\"><img decoding=\"async\" src=\"http:\/\/sv-luftfahrt-berlin.de\/wp-content\/uploads\/2025\/12\/Basecap.jpg\" alt=\"Basecap (Kindergr\u00f6\u00dfe) - 10 \u20ac\" title=\"Basecap (Kindergr\u00f6\u00dfe) - 10 \u20ac\"><\/span><input type=\"checkbox\" id=\"wpforms-14113-field_43_25\" class=\"wpforms-screen-reader-element\" data-rule-check-limit=\"true\" name=\"wpforms[fields][43][]\" value=\"Basecap (Kindergr\u00f6\u00dfe) - 10 \u20ac\" aria-errormessage=\"wpforms-14113-field_43_25-error\" tabindex=\"-1\" required ><span class=\"wpforms-image-choices-label\">Basecap (Kindergr\u00f6\u00dfe) - 10 \u20ac<\/span><\/label><\/li><li class=\"choice-23 depth-1 wpforms-image-choices-item\"><label class=\"wpforms-field-label-inline\" for=\"wpforms-14113-field_43_23\" tabindex=\"0\"><span class=\"wpforms-image-choices-image\"><img decoding=\"async\" src=\"http:\/\/sv-luftfahrt-berlin.de\/wp-content\/uploads\/2025\/12\/Sportbeutel.jpg\" alt=\"Sportbeutel - 15 \u20ac\" title=\"Sportbeutel - 15 \u20ac\"><\/span><input type=\"checkbox\" id=\"wpforms-14113-field_43_23\" class=\"wpforms-screen-reader-element\" data-rule-check-limit=\"true\" name=\"wpforms[fields][43][]\" value=\"Sportbeutel - 15 \u20ac\" aria-errormessage=\"wpforms-14113-field_43_23-error\" tabindex=\"-1\" required ><span class=\"wpforms-image-choices-label\">Sportbeutel - 15 \u20ac<\/span><\/label><\/li><li class=\"choice-20 depth-1 wpforms-image-choices-item\"><label class=\"wpforms-field-label-inline\" for=\"wpforms-14113-field_43_20\" tabindex=\"0\"><span class=\"wpforms-image-choices-image\"><img decoding=\"async\" src=\"http:\/\/sv-luftfahrt-berlin.de\/wp-content\/uploads\/2024\/12\/3796169223.png\" alt=\"Trainingstaschen Neu (Gr\u00f6\u00dfe: S) - 17 \u20ac\" title=\"Trainingstaschen Neu (Gr\u00f6\u00dfe: S) - 17 \u20ac\"><\/span><input type=\"checkbox\" id=\"wpforms-14113-field_43_20\" class=\"wpforms-screen-reader-element\" data-rule-check-limit=\"true\" name=\"wpforms[fields][43][]\" value=\"Trainingstaschen Neu (Gr\u00f6\u00dfe: S) - 17 \u20ac\" aria-errormessage=\"wpforms-14113-field_43_20-error\" tabindex=\"-1\" required ><span class=\"wpforms-image-choices-label\">Trainingstaschen Neu (Gr\u00f6\u00dfe: S) - 17 \u20ac<\/span><\/label><\/li><li class=\"choice-21 depth-1 wpforms-image-choices-item\"><label class=\"wpforms-field-label-inline\" for=\"wpforms-14113-field_43_21\" tabindex=\"0\"><span class=\"wpforms-image-choices-image\"><img decoding=\"async\" src=\"http:\/\/sv-luftfahrt-berlin.de\/wp-content\/uploads\/2024\/12\/3796169223.png\" alt=\"Trainingstasche Neu (Gr\u00f6\u00dfe: M) - 20 \u20ac\" title=\"Trainingstasche Neu (Gr\u00f6\u00dfe: M) - 20 \u20ac\"><\/span><input type=\"checkbox\" id=\"wpforms-14113-field_43_21\" class=\"wpforms-screen-reader-element\" data-rule-check-limit=\"true\" name=\"wpforms[fields][43][]\" value=\"Trainingstasche Neu (Gr\u00f6\u00dfe: M) - 20 \u20ac\" aria-errormessage=\"wpforms-14113-field_43_21-error\" tabindex=\"-1\" required ><span class=\"wpforms-image-choices-label\">Trainingstasche Neu (Gr\u00f6\u00dfe: M) - 20 \u20ac<\/span><\/label><\/li><li class=\"choice-2 depth-1 wpforms-image-choices-item\"><label class=\"wpforms-field-label-inline\" for=\"wpforms-14113-field_43_2\" tabindex=\"0\"><span class=\"wpforms-image-choices-image\"><img decoding=\"async\" src=\"http:\/\/sv-luftfahrt-berlin.de\/wp-content\/uploads\/2024\/07\/3796336902-1.png\" alt=\"Trainingsjacke (Gr\u00f6\u00dfe: 164) - 40 \u20ac\" title=\"Trainingsjacke (Gr\u00f6\u00dfe: 164) - 40 \u20ac\"><\/span><input type=\"checkbox\" id=\"wpforms-14113-field_43_2\" class=\"wpforms-screen-reader-element\" data-rule-check-limit=\"true\" name=\"wpforms[fields][43][]\" value=\"Trainingsjacke (Gr\u00f6\u00dfe: 164) - 40 \u20ac\" aria-errormessage=\"wpforms-14113-field_43_2-error\" tabindex=\"-1\" required ><span class=\"wpforms-image-choices-label\">Trainingsjacke (Gr\u00f6\u00dfe: 164) - 40 \u20ac<\/span><\/label><\/li><li class=\"choice-22 depth-1 wpforms-image-choices-item\"><label class=\"wpforms-field-label-inline\" for=\"wpforms-14113-field_43_22\" tabindex=\"0\"><span class=\"wpforms-image-choices-image\"><img decoding=\"async\" src=\"http:\/\/sv-luftfahrt-berlin.de\/wp-content\/uploads\/2024\/12\/3796356267.png\" alt=\"Trainingsjacke mit Kapuze (Gr\u00f6\u00dfe:164) - 40 \u20ac - 40 \u20ac\" title=\"Trainingsjacke mit Kapuze (Gr\u00f6\u00dfe:164) - 40 \u20ac - 40 \u20ac\"><\/span><input type=\"checkbox\" id=\"wpforms-14113-field_43_22\" class=\"wpforms-screen-reader-element\" data-rule-check-limit=\"true\" name=\"wpforms[fields][43][]\" value=\"Trainingsjacke mit Kapuze (Gr\u00f6\u00dfe:164) - 40 \u20ac - 40 \u20ac\" aria-errormessage=\"wpforms-14113-field_43_22-error\" tabindex=\"-1\" required ><span class=\"wpforms-image-choices-label\">Trainingsjacke mit Kapuze (Gr\u00f6\u00dfe:164) - 40 \u20ac - 40 \u20ac<\/span><\/label><\/li><li class=\"choice-3 depth-1 wpforms-image-choices-item\"><label class=\"wpforms-field-label-inline\" for=\"wpforms-14113-field_43_3\" tabindex=\"0\"><span class=\"wpforms-image-choices-image\"><img decoding=\"async\" src=\"http:\/\/sv-luftfahrt-berlin.de\/wp-content\/uploads\/2024\/07\/3796208283-1.png\" alt=\"T-Shirt in rot (Gr\u00f6\u00dfe: 164 &amp; M) - 20 \u20ac\" title=\"T-Shirt in rot (Gr\u00f6\u00dfe: 164 &amp; M) - 20 \u20ac\"><\/span><input type=\"checkbox\" id=\"wpforms-14113-field_43_3\" class=\"wpforms-screen-reader-element\" data-rule-check-limit=\"true\" name=\"wpforms[fields][43][]\" value=\"T-Shirt in rot (Gr\u00f6\u00dfe: 164 &amp; M) - 20 \u20ac\" aria-errormessage=\"wpforms-14113-field_43_3-error\" tabindex=\"-1\" required ><span class=\"wpforms-image-choices-label\">T-Shirt in rot (Gr\u00f6\u00dfe: 164 &amp; M) - 20 \u20ac<\/span><\/label><\/li><li class=\"choice-4 depth-1 wpforms-image-choices-item\"><label class=\"wpforms-field-label-inline\" for=\"wpforms-14113-field_43_4\" tabindex=\"0\"><span class=\"wpforms-image-choices-image\"><img decoding=\"async\" src=\"http:\/\/sv-luftfahrt-berlin.de\/wp-content\/uploads\/2024\/07\/3796356256-1.png\" alt=\"Polo-Shirt mit Wurf in rot (Gr\u00f6\u00dfe: L) - 35 \u20ac\" title=\"Polo-Shirt mit Wurf in rot (Gr\u00f6\u00dfe: L) - 35 \u20ac\"><\/span><input type=\"checkbox\" id=\"wpforms-14113-field_43_4\" class=\"wpforms-screen-reader-element\" data-rule-check-limit=\"true\" name=\"wpforms[fields][43][]\" value=\"Polo-Shirt mit Wurf in rot (Gr\u00f6\u00dfe: L) - 35 \u20ac\" aria-errormessage=\"wpforms-14113-field_43_4-error\" tabindex=\"-1\" required ><span class=\"wpforms-image-choices-label\">Polo-Shirt mit Wurf in rot (Gr\u00f6\u00dfe: L) - 35 \u20ac<\/span><\/label><\/li><li class=\"choice-5 depth-1 wpforms-image-choices-item\"><label class=\"wpforms-field-label-inline\" for=\"wpforms-14113-field_43_5\" tabindex=\"0\"><span class=\"wpforms-image-choices-image\"><img decoding=\"async\" src=\"http:\/\/sv-luftfahrt-berlin.de\/wp-content\/uploads\/2024\/07\/3796356261-1.png\" alt=\"Polo-Shirt mit Wurf in rot (Gr\u00f6\u00dfe: M) - 35 \u20ac\" title=\"Polo-Shirt mit Wurf in rot (Gr\u00f6\u00dfe: M) - 35 \u20ac\"><\/span><input type=\"checkbox\" id=\"wpforms-14113-field_43_5\" class=\"wpforms-screen-reader-element\" data-rule-check-limit=\"true\" name=\"wpforms[fields][43][]\" value=\"Polo-Shirt mit Wurf in rot (Gr\u00f6\u00dfe: M) - 35 \u20ac\" aria-errormessage=\"wpforms-14113-field_43_5-error\" tabindex=\"-1\" required ><span class=\"wpforms-image-choices-label\">Polo-Shirt mit Wurf in rot (Gr\u00f6\u00dfe: M) - 35 \u20ac<\/span><\/label><\/li><li class=\"choice-6 depth-1 wpforms-image-choices-item\"><label class=\"wpforms-field-label-inline\" for=\"wpforms-14113-field_43_6\" tabindex=\"0\"><span class=\"wpforms-image-choices-image\"><img decoding=\"async\" src=\"http:\/\/sv-luftfahrt-berlin.de\/wp-content\/uploads\/2024\/08\/1569bf75-ed49-4478-816b-3a97e972afbb-2.jpg\" alt=\"T-Shirt mit Wurf (Gr\u00f6\u00dfe: 116) - 10 \u20ac\" title=\"T-Shirt mit Wurf (Gr\u00f6\u00dfe: 116) - 10 \u20ac\"><\/span><input type=\"checkbox\" id=\"wpforms-14113-field_43_6\" class=\"wpforms-screen-reader-element\" data-rule-check-limit=\"true\" name=\"wpforms[fields][43][]\" value=\"T-Shirt mit Wurf (Gr\u00f6\u00dfe: 116) - 10 \u20ac\" aria-errormessage=\"wpforms-14113-field_43_6-error\" tabindex=\"-1\" required ><span class=\"wpforms-image-choices-label\">T-Shirt mit Wurf (Gr\u00f6\u00dfe: 116) - 10 \u20ac<\/span><\/label><\/li><li class=\"choice-7 depth-1 wpforms-image-choices-item\"><label class=\"wpforms-field-label-inline\" for=\"wpforms-14113-field_43_7\" tabindex=\"0\"><span class=\"wpforms-image-choices-image\"><img decoding=\"async\" src=\"http:\/\/sv-luftfahrt-berlin.de\/wp-content\/uploads\/2024\/08\/35e5c3d2-dfe6-4b48-b768-c281ad540583-2.jpg\" alt=\"Trainingsjacke mit Wurf (Gr\u00f6\u00dfe: 140 &amp; 164) - 15 \u20ac\" title=\"Trainingsjacke mit Wurf (Gr\u00f6\u00dfe: 140 &amp; 164) - 15 \u20ac\"><\/span><input type=\"checkbox\" id=\"wpforms-14113-field_43_7\" class=\"wpforms-screen-reader-element\" data-rule-check-limit=\"true\" name=\"wpforms[fields][43][]\" value=\"Trainingsjacke mit Wurf (Gr\u00f6\u00dfe: 140 &amp; 164) - 15 \u20ac\" aria-errormessage=\"wpforms-14113-field_43_7-error\" tabindex=\"-1\" required ><span class=\"wpforms-image-choices-label\">Trainingsjacke mit Wurf (Gr\u00f6\u00dfe: 140 &amp; 164) - 15 \u20ac<\/span><\/label><\/li><li class=\"choice-15 depth-1 wpforms-image-choices-item\"><label class=\"wpforms-field-label-inline\" for=\"wpforms-14113-field_43_15\" tabindex=\"0\"><span class=\"wpforms-image-choices-image\"><img decoding=\"async\" src=\"http:\/\/sv-luftfahrt-berlin.de\/wp-content\/uploads\/2024\/08\/da57db4a-b48f-445e-a1c5-1b0f2cce1561.jpg\" alt=\"Trainingsjacke altes Design (Gr\u00f6\u00dfe: 140) - 10 \u20ac\" title=\"Trainingsjacke altes Design (Gr\u00f6\u00dfe: 140) - 10 \u20ac\"><\/span><input type=\"checkbox\" id=\"wpforms-14113-field_43_15\" class=\"wpforms-screen-reader-element\" data-rule-check-limit=\"true\" name=\"wpforms[fields][43][]\" value=\"Trainingsjacke altes Design (Gr\u00f6\u00dfe: 140) - 10 \u20ac\" aria-errormessage=\"wpforms-14113-field_43_15-error\" tabindex=\"-1\" required ><span class=\"wpforms-image-choices-label\">Trainingsjacke altes Design (Gr\u00f6\u00dfe: 140) - 10 \u20ac<\/span><\/label><\/li><li class=\"choice-8 depth-1 wpforms-image-choices-item\"><label class=\"wpforms-field-label-inline\" for=\"wpforms-14113-field_43_8\" tabindex=\"0\"><span class=\"wpforms-image-choices-image\"><img decoding=\"async\" src=\"http:\/\/sv-luftfahrt-berlin.de\/wp-content\/uploads\/2024\/08\/6aa93543-d189-4c2d-b74a-26387dd04aff-2.jpg\" alt=\"Kurze Hose (Gr\u00f6\u00dfe: 9-10Y &amp; S) - 10 \u20ac\" title=\"Kurze Hose (Gr\u00f6\u00dfe: 9-10Y &amp; S) - 10 \u20ac\"><\/span><input type=\"checkbox\" id=\"wpforms-14113-field_43_8\" class=\"wpforms-screen-reader-element\" data-rule-check-limit=\"true\" name=\"wpforms[fields][43][]\" value=\"Kurze Hose (Gr\u00f6\u00dfe: 9-10Y &amp; S) - 10 \u20ac\" aria-errormessage=\"wpforms-14113-field_43_8-error\" tabindex=\"-1\" required ><span class=\"wpforms-image-choices-label\">Kurze Hose (Gr\u00f6\u00dfe: 9-10Y &amp; S) - 10 \u20ac<\/span><\/label><\/li><li class=\"choice-9 depth-1 wpforms-image-choices-item\"><label class=\"wpforms-field-label-inline\" for=\"wpforms-14113-field_43_9\" tabindex=\"0\"><span class=\"wpforms-image-choices-image\"><img decoding=\"async\" src=\"http:\/\/sv-luftfahrt-berlin.de\/wp-content\/uploads\/2024\/08\/1c13b15f-32d4-4919-9496-2327d03a0244-2.jpg\" alt=\"Trainingshose (Gr\u00f6\u00dfe: 140 &amp; 164) - 10 \u20ac\" title=\"Trainingshose (Gr\u00f6\u00dfe: 140 &amp; 164) - 10 \u20ac\"><\/span><input type=\"checkbox\" id=\"wpforms-14113-field_43_9\" class=\"wpforms-screen-reader-element\" data-rule-check-limit=\"true\" name=\"wpforms[fields][43][]\" value=\"Trainingshose (Gr\u00f6\u00dfe: 140 &amp; 164) - 10 \u20ac\" aria-errormessage=\"wpforms-14113-field_43_9-error\" tabindex=\"-1\" required ><span class=\"wpforms-image-choices-label\">Trainingshose (Gr\u00f6\u00dfe: 140 &amp; 164) - 10 \u20ac<\/span><\/label><\/li><li class=\"choice-10 depth-1 wpforms-image-choices-item\"><label class=\"wpforms-field-label-inline\" for=\"wpforms-14113-field_43_10\" tabindex=\"0\"><span class=\"wpforms-image-choices-image\"><img decoding=\"async\" src=\"http:\/\/sv-luftfahrt-berlin.de\/wp-content\/uploads\/2024\/08\/78877716-b145-4dd6-86d3-aa01d640a1b8-2.jpg\" alt=\"Trainingshose (Gr\u00f6\u00dfe: 140, 164 &amp; 3XL) - 5 \u20ac\" title=\"Trainingshose (Gr\u00f6\u00dfe: 140, 164 &amp; 3XL) - 5 \u20ac\"><\/span><input type=\"checkbox\" id=\"wpforms-14113-field_43_10\" class=\"wpforms-screen-reader-element\" data-rule-check-limit=\"true\" name=\"wpforms[fields][43][]\" value=\"Trainingshose (Gr\u00f6\u00dfe: 140, 164 &amp; 3XL) - 5 \u20ac\" aria-errormessage=\"wpforms-14113-field_43_10-error\" tabindex=\"-1\" required ><span class=\"wpforms-image-choices-label\">Trainingshose (Gr\u00f6\u00dfe: 140, 164 &amp; 3XL) - 5 \u20ac<\/span><\/label><\/li><li class=\"choice-11 depth-1 wpforms-image-choices-item\"><label class=\"wpforms-field-label-inline\" for=\"wpforms-14113-field_43_11\" tabindex=\"0\"><span class=\"wpforms-image-choices-image\"><img decoding=\"async\" src=\"http:\/\/sv-luftfahrt-berlin.de\/wp-content\/uploads\/2024\/08\/Screenshot-2024-08-06-161309.png\" alt=\"Judogi Dax Kids (Gr\u00f6\u00dfen: 120, 130, 140, 150) - 30 \u20ac\" title=\"Judogi Dax Kids (Gr\u00f6\u00dfen: 120, 130, 140, 150) - 30 \u20ac\"><\/span><input type=\"checkbox\" id=\"wpforms-14113-field_43_11\" class=\"wpforms-screen-reader-element\" data-rule-check-limit=\"true\" name=\"wpforms[fields][43][]\" value=\"Judogi Dax Kids (Gr\u00f6\u00dfen: 120, 130, 140, 150) - 30 \u20ac\" aria-errormessage=\"wpforms-14113-field_43_11-error\" tabindex=\"-1\" required ><span class=\"wpforms-image-choices-label\">Judogi Dax Kids (Gr\u00f6\u00dfen: 120, 130, 140, 150) - 30 \u20ac<\/span><\/label><\/li><li class=\"choice-17 depth-1 wpforms-image-choices-item\"><label class=\"wpforms-field-label-inline\" for=\"wpforms-14113-field_43_17\" tabindex=\"0\"><span class=\"wpforms-image-choices-image\"><img decoding=\"async\" src=\"http:\/\/sv-luftfahrt-berlin.de\/wp-content\/uploads\/2024\/08\/3b5631da-054f-4ac0-9dd1-8d1fd0002bf2.jpg\" alt=\"Gel-Kugelschreiber - 1 \u20ac\" title=\"Gel-Kugelschreiber - 1 \u20ac\"><\/span><input type=\"checkbox\" id=\"wpforms-14113-field_43_17\" class=\"wpforms-screen-reader-element\" data-rule-check-limit=\"true\" name=\"wpforms[fields][43][]\" value=\"Gel-Kugelschreiber - 1 \u20ac\" aria-errormessage=\"wpforms-14113-field_43_17-error\" tabindex=\"-1\" required ><span class=\"wpforms-image-choices-label\">Gel-Kugelschreiber - 1 \u20ac<\/span><\/label><\/li><li class=\"choice-16 depth-1 wpforms-image-choices-item\"><label class=\"wpforms-field-label-inline\" for=\"wpforms-14113-field_43_16\" tabindex=\"0\"><span class=\"wpforms-image-choices-image\"><\/span><input type=\"checkbox\" id=\"wpforms-14113-field_43_16\" class=\"wpforms-screen-reader-element\" data-rule-check-limit=\"true\" name=\"wpforms[fields][43][]\" value=\"Kugelschreiber - 1 \u20ac\" aria-errormessage=\"wpforms-14113-field_43_16-error\" tabindex=\"-1\" required ><span class=\"wpforms-image-choices-label\">Kugelschreiber - 1 \u20ac<\/span><\/label><\/li><li class=\"choice-18 depth-1 wpforms-image-choices-item\"><label class=\"wpforms-field-label-inline\" for=\"wpforms-14113-field_43_18\" tabindex=\"0\"><span class=\"wpforms-image-choices-image\"><\/span><input type=\"checkbox\" id=\"wpforms-14113-field_43_18\" class=\"wpforms-screen-reader-element\" data-rule-check-limit=\"true\" name=\"wpforms[fields][43][]\" value=\"Vereinsaufn\u00e4her - 3 \u20ac\" aria-errormessage=\"wpforms-14113-field_43_18-error\" tabindex=\"-1\" required ><span class=\"wpforms-image-choices-label\">Vereinsaufn\u00e4her - 3 \u20ac<\/span><\/label><\/li><li class=\"choice-19 depth-1 wpforms-image-choices-item\"><label class=\"wpforms-field-label-inline\" for=\"wpforms-14113-field_43_19\" tabindex=\"0\"><span class=\"wpforms-image-choices-image\"><\/span><input type=\"checkbox\" id=\"wpforms-14113-field_43_19\" class=\"wpforms-screen-reader-element\" data-rule-check-limit=\"true\" name=\"wpforms[fields][43][]\" value=\"Schl\u00fcsselanh\u00e4nger - 0,20 \u20ac\" aria-errormessage=\"wpforms-14113-field_43_19-error\" tabindex=\"-1\" required ><span class=\"wpforms-image-choices-label\">Schl\u00fcsselanh\u00e4nger - 0,20 \u20ac<\/span><\/label><\/li><\/ul><\/fieldset><\/div><div id=\"wpforms-14113-field_7-container\" class=\"wpforms-field wpforms-field-textarea\" data-field-id=\"7\"><label class=\"wpforms-field-label\" for=\"wpforms-14113-field_7\">Kommentar (Gr\u00f6\u00dfe bei Judoanz\u00fcgen)<\/label><textarea id=\"wpforms-14113-field_7\" class=\"wpforms-field-medium\" name=\"wpforms[fields][7]\" aria-errormessage=\"wpforms-14113-field_7-error\" ><\/textarea><\/div><div id=\"wpforms-14113-field_26-container\" class=\"wpforms-field wpforms-field-checkbox\" data-field-id=\"26\"><fieldset><legend class=\"wpforms-field-label\">Best\u00e4tigung <span class=\"wpforms-required-label\" aria-hidden=\"true\">*<\/span><\/legend><ul id=\"wpforms-14113-field_26\" class=\"wpforms-field-required\"><li class=\"choice-1 depth-1\"><input type=\"checkbox\" id=\"wpforms-14113-field_26_1\" name=\"wpforms[fields][26][]\" value=\"Hiermit best\u00e4tige ich die Bestellung. Sofern die Kleidung noch da ist.\" aria-errormessage=\"wpforms-14113-field_26_1-error\" required ><label class=\"wpforms-field-label-inline\" for=\"wpforms-14113-field_26_1\">Hiermit best\u00e4tige ich die Bestellung. Sofern die Kleidung noch da ist.<\/label><\/li><\/ul><\/fieldset><\/div><\/div><!-- .wpforms-field-container --><div class=\"wpforms-submit-container\" ><input type=\"hidden\" name=\"wpforms[id]\" value=\"14113\"><input type=\"hidden\" name=\"page_title\" value=\"\"><input type=\"hidden\" name=\"page_url\" value=\"http:\/\/sv-luftfahrt-berlin.de\/index.php?rest_route=\/wp\/v2\/pages\/14126\"><input type=\"hidden\" name=\"url_referer\" value=\"\"><button type=\"submit\" name=\"wpforms[submit]\" id=\"wpforms-submit-14113\" class=\"wpforms-submit\" data-alt-text=\"Sending...\" data-submit-text=\"Bestellen\" aria-live=\"assertive\" value=\"wpforms-submit\">Bestellen<\/button><img loading=\"lazy\" decoding=\"async\" src=\"http:\/\/sv-luftfahrt-berlin.de\/wp-content\/plugins\/wpforms-lite\/assets\/images\/submit-spin.svg\" class=\"wpforms-submit-spinner\" style=\"display: none;\" width=\"26\" height=\"26\" alt=\"Wird geladen\"><\/div><\/form><\/div>  <!-- .wpforms-container --><\/td>\n<\/tr>\n<\/tbody>\n<\/table>\n","protected":false},"excerpt":{"rendered":"<p>Das was wir im Lager haben, nach dem Motto wer zuerst kommt \ud83d\ude09&nbsp; Bitte das Geld an Kretzschi geben, ggf.<\/p>\n","protected":false},"author":1,"featured_media":0,"parent":0,"menu_order":0,"comment_status":"closed","ping_status":"closed","template":"","meta":{"colormag_page_container_layout":"default_layout","colormag_page_sidebar_layout":"default_layout","ngg_post_thumbnail":0,"footnotes":""},"class_list":["post-14126","page","type-page","status-publish","hentry"],"_links":{"self":[{"href":"http:\/\/sv-luftfahrt-berlin.de\/index.php?rest_route=\/wp\/v2\/pages\/14126","targetHints":{"allow":["GET"]}}],"collection":[{"href":"http:\/\/sv-luftfahrt-berlin.de\/index.php?rest_route=\/wp\/v2\/pages"}],"about":[{"href":"http:\/\/sv-luftfahrt-berlin.de\/index.php?rest_route=\/wp\/v2\/types\/page"}],"author":[{"embeddable":true,"href":"http:\/\/sv-luftfahrt-berlin.de\/index.php?rest_route=\/wp\/v2\/users\/1"}],"replies":[{"embeddable":true,"href":"http:\/\/sv-luftfahrt-berlin.de\/index.php?rest_route=%2Fwp%2Fv2%2Fcomments&post=14126"}],"version-history":[{"count":3,"href":"http:\/\/sv-luftfahrt-berlin.de\/index.php?rest_route=\/wp\/v2\/pages\/14126\/revisions"}],"predecessor-version":[{"id":14857,"href":"http:\/\/sv-luftfahrt-berlin.de\/index.php?rest_route=\/wp\/v2\/pages\/14126\/revisions\/14857"}],"wp:attachment":[{"href":"http:\/\/sv-luftfahrt-berlin.de\/index.php?rest_route=%2Fwp%2Fv2%2Fmedia&parent=14126"}],"curies":[{"name":"wp","href":"https:\/\/api.w.org\/{rel}","templated":true}]}}