{"id":20,"date":"2011-05-30T07:22:26","date_gmt":"2011-05-30T05:22:26","guid":{"rendered":"http:\/\/localhost\/wordpress\/?page_id=20"},"modified":"2025-01-14T17:20:33","modified_gmt":"2025-01-14T17:20:33","slug":"trainingsstatten","status":"publish","type":"page","link":"https:\/\/sv-luftfahrt-berlin.de\/?page_id=20","title":{"rendered":"Trainingsst\u00e4tten"},"content":{"rendered":"\n<h2 class=\"wp-block-heading\"><strong>Trainingsst\u00e4tte 1 (Jugendtraining)<\/strong><\/h2>\n\n\n\n<figure class=\"wp-block-image size-medium\"><a href=\"http:\/\/sv-luftfahrt-berlin.de\/wp-content\/uploads\/2011\/05\/20150511_193249.jpg\"><img loading=\"lazy\" decoding=\"async\" width=\"300\" height=\"169\" src=\"http:\/\/sv-luftfahrt-berlin.de\/wp-content\/uploads\/2011\/05\/20150511_193249-300x169.jpg\" alt=\"\" class=\"wp-image-7073\" srcset=\"https:\/\/sv-luftfahrt-berlin.de\/wp-content\/uploads\/2011\/05\/20150511_193249-300x169.jpg 300w, https:\/\/sv-luftfahrt-berlin.de\/wp-content\/uploads\/2011\/05\/20150511_193249.jpg 1024w, https:\/\/sv-luftfahrt-berlin.de\/wp-content\/uploads\/2011\/05\/20150511_193249-500x281.jpg 500w\" sizes=\"auto, (max-width: 300px) 100vw, 300px\" \/><\/a><\/figure>\n\n\n<p>Turnhalle der Karlshorster Grundschule (Zugang \u00fcber den Hof): Lisztstra\u00dfe 6, 10318 Berlin<\/p>\n<p>Trainingszeiten: <\/p>\n<table border=\"0\">\n<tbody>\n<tr>\n<td>Wochentag<\/td>\n<td>Trainingszeit<\/td>\n<td>Altersklasse<\/td>\n<\/tr>\n<tr>\n<td>Montag<\/td>\n<td>18:00 &#8211; 19:30 Uhr<\/td>\n<td>U9 &#8211; U20, ml\/wbl<\/td>\n<\/tr>\n<tr>\n<td>Donnerstag<\/td>\n<td>18:00 &#8211; 19:30 Uhr<\/td>\n<td>U9 &#8211; U20, ml\/wbl<\/td>\n<\/tr>\n<tr>\n<td>Freitag<\/td>\n<td>19:00 &#8211; 21:00 Uhr<\/td>\n<td>ab U14, ml\/wbl<\/td>\n<\/tr>\n<\/tbody>\n<\/table>\n<p>&nbsp;<\/p>\n\n\n<h2 class=\"wp-block-heading\"><strong><strong>Trainingsst\u00e4tte 2 (Erwachsenen und Kyu-Training)<\/strong><\/strong><\/h2>\n\n\n\n<figure class=\"wp-block-image size-medium\"><a href=\"http:\/\/sv-luftfahrt-berlin.de\/wp-content\/uploads\/2023\/05\/IMG_0325-scaled.jpg\"><img loading=\"lazy\" decoding=\"async\" width=\"300\" height=\"225\" src=\"http:\/\/sv-luftfahrt-berlin.de\/wp-content\/uploads\/2023\/05\/IMG_0325-300x225.jpg\" alt=\"\" class=\"wp-image-13386\" srcset=\"https:\/\/sv-luftfahrt-berlin.de\/wp-content\/uploads\/2023\/05\/IMG_0325-300x225.jpg 300w, https:\/\/sv-luftfahrt-berlin.de\/wp-content\/uploads\/2023\/05\/IMG_0325-1024x768.jpg 1024w, https:\/\/sv-luftfahrt-berlin.de\/wp-content\/uploads\/2023\/05\/IMG_0325-768x576.jpg 768w, https:\/\/sv-luftfahrt-berlin.de\/wp-content\/uploads\/2023\/05\/IMG_0325-1536x1152.jpg 1536w, https:\/\/sv-luftfahrt-berlin.de\/wp-content\/uploads\/2023\/05\/IMG_0325-2048x1536.jpg 2048w\" sizes=\"auto, (max-width: 300px) 100vw, 300px\" \/><\/a><\/figure>\n\n\n<p>Schule am Heidekampgraben &#8211; Kleine Turnhalle: H\u00e4nselstra\u00dfe 14, 12437 Berlin<\/p>\n<p>Trainingszeiten: Mittwochs von 18:00 bis 20:30 Uhr<\/p>\n<p>Zum Training:<\/p>\n<ul>\n<li>Offenes Training f\u00fcr Alle ab 16 Jahren<\/li>\n<li>Inhalt:\n<ul>\n<li>Freizeittraining f\u00fcr Erwachsene die mit Judo anfangen bzw. wieder einsteigen wollen<\/li>\n<li>&nbsp;Vorbereitung auf h\u00f6here Kyu-Grade einschlie\u00dflich 1. DAN<\/li>\n<\/ul>\n<\/li>\n<li>Trainer: Daniel Wernicke ( <a href=\"mailto:daniel.wernicke@sv-luftfahrt-berlin.de\">daniel.wernicke@sv-luftfahrt-berlin.de<\/a> )<\/li>\n<\/ul>\n<p>&nbsp;<\/p>\n\n\n<h2 class=\"wp-block-heading\"><strong>Trainingsst\u00e4tte 3 (Eigenst\u00e4ndiges Fitnesstraining)<\/strong><\/h2>\n\n\n\n<p>Kraftraum in der Merlitzhalle: Merlitzstra\u00dfe 16, 12487 Berlin<\/p>\n<p>Trainingszeit:<\/p>\n<ul>\n<li>Montags von 18:00 &#8211; 19:30<\/li>\n<li>Dienstags von 19:30 &#8211; 21:00<\/li>\n<\/ul>\n<p>Zum Training:<\/p>\n<ul>\n<li>eigenst\u00e4ndiges Fitnesstraining ab u18<\/li>\n<li>Wer zum ersten Mal hinkommt, stimmt sich bitte intern vorher ab.<\/li>\n<\/ul>\n<p>&nbsp;<\/p>\n","protected":false},"excerpt":{"rendered":"<p>Trainingsst\u00e4tte 1 (Jugendtraining) Turnhalle der Karlshorster Grundschule (Zugang \u00fcber den Hof): Lisztstra\u00dfe 6, 10318 Berlin Trainingszeiten: Wochentag Trainingszeit Altersklasse Montag<\/p>\n","protected":false},"author":1,"featured_media":0,"parent":0,"menu_order":0,"comment_status":"closed","ping_status":"open","template":"","meta":{"colormag_page_container_layout":"default_layout","colormag_page_sidebar_layout":"default_layout","ngg_post_thumbnail":0,"footnotes":""},"class_list":["post-20","page","type-page","status-publish","hentry"],"_links":{"self":[{"href":"https:\/\/sv-luftfahrt-berlin.de\/index.php?rest_route=\/wp\/v2\/pages\/20","targetHints":{"allow":["GET"]}}],"collection":[{"href":"https:\/\/sv-luftfahrt-berlin.de\/index.php?rest_route=\/wp\/v2\/pages"}],"about":[{"href":"https:\/\/sv-luftfahrt-berlin.de\/index.php?rest_route=\/wp\/v2\/types\/page"}],"author":[{"embeddable":true,"href":"https:\/\/sv-luftfahrt-berlin.de\/index.php?rest_route=\/wp\/v2\/users\/1"}],"replies":[{"embeddable":true,"href":"https:\/\/sv-luftfahrt-berlin.de\/index.php?rest_route=%2Fwp%2Fv2%2Fcomments&post=20"}],"version-history":[{"count":21,"href":"https:\/\/sv-luftfahrt-berlin.de\/index.php?rest_route=\/wp\/v2\/pages\/20\/revisions"}],"predecessor-version":[{"id":14495,"href":"https:\/\/sv-luftfahrt-berlin.de\/index.php?rest_route=\/wp\/v2\/pages\/20\/revisions\/14495"}],"wp:attachment":[{"href":"https:\/\/sv-luftfahrt-berlin.de\/index.php?rest_route=%2Fwp%2Fv2%2Fmedia&parent=20"}],"curies":[{"name":"wp","href":"https:\/\/api.w.org\/{rel}","templated":true}]}}