{"id":36,"date":"2011-05-30T07:24:06","date_gmt":"2011-05-30T05:24:06","guid":{"rendered":"http:\/\/localhost\/wordpress\/?page_id=36"},"modified":"2011-05-30T07:24:06","modified_gmt":"2011-05-30T05:24:06","slug":"geschichte-des-judo","status":"publish","type":"page","link":"https:\/\/sv-luftfahrt-berlin.de\/?page_id=36","title":{"rendered":"Geschichte des Judo"},"content":{"rendered":"<p><a href=\"http:\/\/localhost\/wordpress\/wp-content\/uploads\/2011\/05\/jigoro.jpg\"><img loading=\"lazy\" decoding=\"async\" class=\"alignright size-full wp-image-64\" title=\"Jigoro Kano\" src=\"http:\/\/www.sv-luftfahrt-berlin.de\/wp-content\/uploads\/2011\/05\/jigoro.jpg\" alt=\"\" width=\"240\" height=\"320\" \/><\/a> Der Japaner Jigoro Kano entwickelte im Jahre 1882 aus der  urspr\u00fcnglich nur von den Samurai praktizierten Kriegskunst der  waffenlosen Selbstverteidigung Jiu-Jitsu, eine neue Form des sportlichen  Zweikampfes. Er verzichtete dabei auf gef\u00e4hrliche Angriffs- und  Verteidigungstechniken. Schlag und Sto\u00dftechniken mit Armen und Beinen  wurden entfernt und nur noch kontrollierbare, unbrutale Wurf-, Hebel-  und W\u00fcrgetechniken  erlaubt.<\/p>\n<p>Aufgrund der Silben &#8222;Ju&#8220; (sanft, nachgebend) und &#8222;Do&#8220; (Weg, Prinzip)  bezeichnet man Judo auch als &#8222;den sanften Weg&#8220;, das Prinzip des Siegens  durch Nachgeben. Mit vielen Techniken kann man sich das Handeln des  Gegners zunutze machen. Man versucht nicht, der Kraft des Gegners  standzuhalten und ihr widerum mit Kraft entgegenzuwirken, sondern  profitiert daraus. Ein stark dr\u00fcckender Gegner kann beispielsweise mit  wenig Kraft in die Richtung geworfen werden, in die er dr\u00fcckt.  Voraussetzung ist vorheriges Ausweichen, also Nachgeben.<\/p>\n<p>Ein zweites Prinzip bezieht sich auf den moralischen Aspekt des Judos.  Es beinhaltet, dass Partner und Freunde miteinander k\u00e4mpfen k\u00f6nnen ohne  sich zu verletzten, und so das Wesen des Kampfes erlernen, einander  Respekt und Achtung erweisen und sich gegenseitig helfen, ein Ziel  schneller zu erreichen.<\/p>\n<p>Da Judo einerseits die k\u00f6rperlichen F\u00e4higkeiten des Menschen wie das  Bewegungsgef\u00fchl, den Gleichgewichtssinn und die Muskulatur, andererseits  aber auch die geistigen F\u00e4higkeiten wie Selbstdisziplin, Respekt und  Konzentration f\u00f6rdert, ist es f\u00fcr Menschen jeden Alters und Geschlechts  geeignet. Heute beschreiten Millionen von Menschen in der ganzen Welt  diesen &#8222;sanften Weg&#8220;.<\/p>\n","protected":false},"excerpt":{"rendered":"<p>Der Japaner Jigoro Kano entwickelte im Jahre 1882 aus der urspr\u00fcnglich nur von den Samurai praktizierten Kriegskunst der waffenlosen Selbstverteidigung<\/p>\n","protected":false},"author":1,"featured_media":0,"parent":0,"menu_order":0,"comment_status":"closed","ping_status":"open","template":"","meta":{"colormag_page_container_layout":"default_layout","colormag_page_sidebar_layout":"default_layout","ngg_post_thumbnail":0,"footnotes":""},"class_list":["post-36","page","type-page","status-publish","hentry"],"_links":{"self":[{"href":"https:\/\/sv-luftfahrt-berlin.de\/index.php?rest_route=\/wp\/v2\/pages\/36","targetHints":{"allow":["GET"]}}],"collection":[{"href":"https:\/\/sv-luftfahrt-berlin.de\/index.php?rest_route=\/wp\/v2\/pages"}],"about":[{"href":"https:\/\/sv-luftfahrt-berlin.de\/index.php?rest_route=\/wp\/v2\/types\/page"}],"author":[{"embeddable":true,"href":"https:\/\/sv-luftfahrt-berlin.de\/index.php?rest_route=\/wp\/v2\/users\/1"}],"replies":[{"embeddable":true,"href":"https:\/\/sv-luftfahrt-berlin.de\/index.php?rest_route=%2Fwp%2Fv2%2Fcomments&post=36"}],"version-history":[{"count":0,"href":"https:\/\/sv-luftfahrt-berlin.de\/index.php?rest_route=\/wp\/v2\/pages\/36\/revisions"}],"wp:attachment":[{"href":"https:\/\/sv-luftfahrt-berlin.de\/index.php?rest_route=%2Fwp%2Fv2%2Fmedia&parent=36"}],"curies":[{"name":"wp","href":"https:\/\/api.w.org\/{rel}","templated":true}]}}