{"id":51,"date":"2011-05-31T18:32:52","date_gmt":"2011-05-31T16:32:52","guid":{"rendered":"http:\/\/localhost\/wordpress\/?page_id=51"},"modified":"2025-01-04T19:58:34","modified_gmt":"2025-01-04T19:58:34","slug":"vereinsinformationen","status":"publish","type":"page","link":"https:\/\/sv-luftfahrt-berlin.de\/?page_id=51","title":{"rendered":"Vereinsinformationen"},"content":{"rendered":"<div class=\"entry\">\n<p>Der Sportverein SV Luftfahrt Berlin e.V. ging 1991 aus derm Sportverein BSG Luftfahrt Interflug hervor. Zu DDR-Zeiten war die staatliche Fluglinie Interflug Tr\u00e4ger des Sportvereins. Seine Anf\u00e4nge reichen somit bis in das Jahr 1957 zur\u00fcck. Aufgrund seiner langen Geschichte ist der Sportverein ein bekanntes Teilst\u00fcck in der Vereinslandschaft von Berlin. Zeitweise z\u00e4hlte der Verein bis zu 400 Mitglieder. Es wurde von jeher viel Wert darauf gelegt, den Kindern und Jugendlichen eine Alternative im Freizeitangebot zu sein. So hatte der Verein in der Vergangenheit 18 Sektionen vereint und betreut sowie 2 in der Au\u00dfenstelle in Barth an der Ostsee.. Die Sektionen Ringen, Rudern, Segeln und auch Judo waren zeitweise sogenannte \u201cTrainingszentren\u201d, d.h. es wurden Kinder und Jugendlichen durch intensives Training die M\u00f6glichkeit gegeben, in den Leistungssport hin\u00fcber zu wechseln. Die Sektion Judo nahm intensiv an Wettk\u00e4mpfen teil, sodass manch ein Titel gewonnen wurde. Aus dem s\u00fcdlichen Einzugsgebiet Berlins und aus Berlin selbst kamen viele der Mitglieder von Luftfahrt.<\/p>\n<p>Die Zeit der \u201cWende\u201d bedeutete auch f\u00fcr den Sportverein Luftfahrt eine Zeit der Neuorientierung. Leider bedeutete dies auch ein R\u00fcckgang der Mitgliederzahlen. Es wurde die Au\u00dfenstelle in Lichtenberg ins Leben gerufen. Die Nachwuchsarbeit erfolgt zur Zeit dort, da aus dem umliegenden Wohngebiet ein gro\u00dfer Bedarf an sportlicher Bet\u00e4tigung zu sp\u00fcren war. In Sch\u00f6nefeld selbst konnte kein Konzept bisher f\u00fcr die k\u00fcnftige Entwicklung des Sportgeschehens umgesetzt werden, da die Berlin-Brandenburgische Flughafengesellschaft, die die Sportst\u00e4tte zur Verf\u00fcgung stellt, keine langfristigen Zusagen machen konnte. Die Sporthalle musste im Jahr ??? ger\u00e4umt werden, dem Verein wurde jedoch eine provisorische Ausweichm\u00f6glichkeit in der Uranusstrasse angeboten. Dort findet zur Zeit das Erwachsenentraining statt.<\/p>\n<p>Wie bereits erw\u00e4hnt, erfolgt die Nachwuchsarbeit des Vereins zur Zeit in der Au\u00dfenstelle Lichtenberg. Es gibt sowohl m\u00e4nnliche als auch weibliche Kinder- und Jugendsparten. Das Training erfolgt unter der Anleitung von engagierten \u00dcbungsleitern, welche vom Judo-Verband organisierte Weiterbildungsma\u00dfnahmen in Anspruch nehmen. Es wird regelm\u00e4\u00dfig an Wettk\u00e4mpfen teilgenommen, aber es werden auch andere Vereine zu Wettk\u00e4mpfen eingeladen. Einmal im Jahr fahren die Kinder und Jugendlichen ins Trainingslager. Der Trainingsbetrieb findet an mehreren Tagen in der Woche in der Sporthalle einer Schule statt. Die Trainingsmaterialien befinden sich sowohl in Sch\u00f6nefeld wie auch in Lichtenberg in einem gutem Zustand. Das Erwachsenen-Training findet in Sch\u00f6nefeld statt. Der im Jahr ??? geschaffte Sprung in die Landesliga motivierte viele Sportsfreunde sich neue Ziele zu stecken. Hier ist auch einer der j\u00e4hrlichen H\u00f6hepunkte, die Teilnahme am internationalen Turnier in Jitcin in der Tschechischen Republik.<\/p>\n<p><strong>Perspektiven<\/strong><\/p>\n<p>Um neue Mitglieder zu gewinnen, wird zur Zeit ein Konzept zur verst\u00e4rkten \u00d6ffentlichkeitsarbeit erstellt. So sollen umliegende Schulen besonders einbezogen werden, die Unterst\u00fczung des Landessportbundes Berlin in Anspruch genommen werden und eine eigene Vereins-Zeitschrift heraus gegeben werden. Es werden auch die M\u00f6glichkeit der Zusammenarbeit mit anderen Sportvereinen in Betracht gezogen. Um das Sportgeschehen in Lichtenberg und Sch\u00f6nefeld f\u00fcr Sportbegeisterte interessant zu gestalten, wird auch nach einer passenderen Trainingsst\u00e4tte gesucht. Der Wiederaufbau und Ausbau einer Kinder- und Jugendgruppe in Lichtenberg und Sch\u00f6nefeld z\u00e4hlt zu den wichtigsten Aufgaben des Vereins.&nbsp;G\u00fcnstige Rahmenbedingungen und die ehrenamtliche T\u00e4tigkeit der Vorstandsmitglieder ist es zu verdanken, dass die Mitgliedschaft im Sportverein Luftfahrt zu sehr g\u00fcnstigen Konditionen im Vergleich anderer Sportvereine erfolgt. Diese zu halten ist f\u00fcr den Sportverein ein wichtiges Anliegen.<\/p>\n<p>&nbsp;<\/p>\n<p><strong>Aktuelle Situation<\/strong><\/p>\n<ul>\n<li>regelm\u00e4\u00dfige Teilnahme an Wettk\u00e4mpfen auf nationaler und internationaler Ebene<\/li>\n<li>Veranstalter eines Kinder- und Jugendturniers sowie Erwachsenenturniers mit internationaler Beteiligung<\/li>\n<li>Durchf\u00fchren und Teilnahme an Trainingslagern und verschiedenen Freizeitangeboten wie Radtouren, Baden\/Schwimmen, Laufveranstaltungen, etc.<\/li>\n<li>Wettkampffahrten ins Ausland<\/li>\n<li>Regelm\u00e4\u00dfige Teilnahme an Aus- und Weiterbildungen f\u00fcr Judo- und Breitensport<\/li>\n<\/ul>\n<p><strong>Zahlen, Daten, Fakten<\/strong><\/p>\n<ul>\n<li>Aktuelle Mitgliederzahl: 85 (Stand: Januar 2025)<\/li>\n<li>4 Landeskampfrichter und 4 Bundeskampfrichter<\/li>\n<li>4 lizenzierte Pr\u00fcfer<\/li>\n<li>4 lizenzierte Trainer<\/li>\n<\/ul>\n<p>&nbsp;<\/p>\n<p><strong>Zeitlinie<\/strong><\/p>\n<p><strong>1957<\/strong> \u2013 Gr\u00fcndung der BSG Deutsche Lufthansa mit bis zu 18 Abteilungen und bis zu 400 Mitgliedern (Judo, Ringen, Tischtennis, Gymnastik, Fu\u00dfball, &nbsp;Volleyball, Handball, Hundesport, Rudern, Segeln, Kegeln, \u2026)<\/p>\n<p><strong>1959<\/strong> \u2013 Umbennung in &nbsp;\u201dBSG Luftfahrt Berlin\u201d<\/p>\n<p><strong>1990<\/strong> \u2013 Umbenennung in \u201cInterflug Sportverein Berlin\u201d<\/p>\n<p><strong>1991<\/strong> \u2013 Er\u00f6ffnung des Judo Dojos in der George-Orwell-Oberschule Lichtenberg-Friedrichsfelde<\/p>\n<p><strong>1992<\/strong> \u2013 Umbenennung von \u201cInterflug SV Berlin\u201d und Neugr\u00fcndung des \u201cSV Luftfahrt Berlin e.V.\u201d<\/p>\n<p><strong>1998<\/strong> \u2013 Umzug in die Karlshorster Grundschule in der Lisztstra\u00dfe (Lichtenberg)<\/p>\n<p><strong>2001<\/strong> Homepage SV Luftfahrt<\/p>\n<p><strong>2011 <\/strong>\u00dcberarbeitung der Homepage &amp; neuer Vorstand<\/p>\n<p><strong>2013<\/strong> \u2013 Grundsanierung und Wiederer\u00f6ffnung des Dojo Karlshorst<\/p>\n<p><strong>2016 <\/strong>\u00dcberarbeitung der Homepage<\/p>\n<\/div>\n","protected":false},"excerpt":{"rendered":"<p>Der Sportverein SV Luftfahrt Berlin e.V. ging 1991 aus derm Sportverein BSG Luftfahrt Interflug hervor. Zu DDR-Zeiten war die staatliche<\/p>\n","protected":false},"author":1,"featured_media":0,"parent":0,"menu_order":0,"comment_status":"closed","ping_status":"open","template":"","meta":{"colormag_page_container_layout":"default_layout","colormag_page_sidebar_layout":"default_layout","ngg_post_thumbnail":0,"footnotes":""},"class_list":["post-51","page","type-page","status-publish","hentry"],"_links":{"self":[{"href":"https:\/\/sv-luftfahrt-berlin.de\/index.php?rest_route=\/wp\/v2\/pages\/51","targetHints":{"allow":["GET"]}}],"collection":[{"href":"https:\/\/sv-luftfahrt-berlin.de\/index.php?rest_route=\/wp\/v2\/pages"}],"about":[{"href":"https:\/\/sv-luftfahrt-berlin.de\/index.php?rest_route=\/wp\/v2\/types\/page"}],"author":[{"embeddable":true,"href":"https:\/\/sv-luftfahrt-berlin.de\/index.php?rest_route=\/wp\/v2\/users\/1"}],"replies":[{"embeddable":true,"href":"https:\/\/sv-luftfahrt-berlin.de\/index.php?rest_route=%2Fwp%2Fv2%2Fcomments&post=51"}],"version-history":[{"count":4,"href":"https:\/\/sv-luftfahrt-berlin.de\/index.php?rest_route=\/wp\/v2\/pages\/51\/revisions"}],"predecessor-version":[{"id":14480,"href":"https:\/\/sv-luftfahrt-berlin.de\/index.php?rest_route=\/wp\/v2\/pages\/51\/revisions\/14480"}],"wp:attachment":[{"href":"https:\/\/sv-luftfahrt-berlin.de\/index.php?rest_route=%2Fwp%2Fv2%2Fmedia&parent=51"}],"curies":[{"name":"wp","href":"https:\/\/api.w.org\/{rel}","templated":true}]}}